{"id":143,"date":"2022-07-25T15:06:10","date_gmt":"2022-07-25T15:06:10","guid":{"rendered":"https:\/\/ehundu.eus\/azala\/"},"modified":"2022-11-29T11:48:21","modified_gmt":"2022-11-29T11:48:21","slug":"azala","status":"publish","type":"page","link":"https:\/\/ehundu.eus\/es\/","title":{"rendered":"Qu\u00e9 es?"},"content":{"rendered":"\n<div class=\"wp-block-columns alignwide is-layout-flex wp-container-core-columns-is-layout-28f84493 wp-block-columns-is-layout-flex\">\n<div class=\"wp-block-column is-layout-flow wp-block-column-is-layout-flow\" style=\"flex-basis:50%\">\n<figure data-tanit-img-width=\"680\" data-tanit-img-height=\"511\" class=\"wp-block-image size-full is-style-full-width\"><img loading=\"lazy\" decoding=\"async\" width=\"680\" height=\"511\" src=\"https:\/\/ehundu.eus\/wp-content\/uploads\/2022\/10\/FC8LkE5WYAEy9jB.jpeg\" alt=\"\" class=\"wp-image-403\" srcset=\"https:\/\/ehundu.eus\/wp-content\/uploads\/2022\/10\/FC8LkE5WYAEy9jB.jpeg 680w, https:\/\/ehundu.eus\/wp-content\/uploads\/2022\/10\/FC8LkE5WYAEy9jB-300x225.jpeg 300w\" sizes=\"auto, (max-width: 680px) 100vw, 680px\" \/><\/figure>\n<\/div>\n\n\n\n<div class=\"wp-block-column is-layout-flow wp-block-column-is-layout-flow\" style=\"flex-basis:50%\">\n<h2 class=\"wp-block-heading\">QU\u00c9 ES?<\/h2>\n\n\n\n<p class=\"\">UN PROYECTO DE PUEBLO, UN ESPACIO DE COORDINACI\u00d3N Y COOPERACI\u00d3N P\u00daBLICO-COMUNITARIA ENTRE DIVERSOS AGENTES DE LA SOCIEDAD.<\/p>\n\n\n\n<p class=\"\">Queremos reforzar el empoderamiento de la ciudadan\u00eda y la visi\u00f3n comunitaria en la construcci\u00f3n de una Bergara m\u00e1s cohesionada, sostenible y justa, teniendo en cuenta los retos sociales y las necesidades comunitarias actuales. En concreto, nuestras actividades son:<\/p>\n\n\n\n<ul class=\"wp-block-list\">\n<li class=\"\">Reforzar e interconectar diversos agentes.<\/li>\n\n\n\n<li class=\"\">Trabajar la perspectiva p\u00fablico-comunitaria y el car\u00e1cter popular.<\/li>\n\n\n\n<li class=\"\">Ofrecer apoyo para la constituci\u00f3n y puesta en marcha de iniciativas econ\u00f3micas colectivas en clave cooperativa.<\/li>\n\n\n\n<li class=\"\">Promover la reflexi\u00f3n sobre las claves y elementos para la puesta en marcha de iniciativas colectivas y la activaci\u00f3n de la ciudadan\u00eda.<\/li>\n<\/ul>\n<\/div>\n<\/div>\n\n\n\n<hr class=\"wp-block-separator has-text-color has-foreground-color has-alpha-channel-opacity has-foreground-background-color has-background is-style-ehundu-separator-left\"\/>\n\n\n\n<div class=\"wp-block-columns alignwide is-layout-flex wp-container-core-columns-is-layout-28f84493 wp-block-columns-is-layout-flex\">\n<div class=\"wp-block-column is-layout-flow wp-block-column-is-layout-flow\" style=\"flex-basis:50%\">\n<h2 class=\"wp-block-heading\">PRINCIPIOS<\/h2>\n\n\n\n<ul class=\"wp-block-list\">\n<li class=\"\">La primera, y la m\u00e1s b\u00e1sica, estar centrados en la <strong>comunidad<\/strong>, escucharla y desarrollar y ejecutar proyectos para hacer frente a sus inquietudes y necesidades. Ser un proyecto com\u00fan entre los agentes locales.<\/li>\n\n\n\n<li class=\"\">Tejer. Crear <strong>redes<\/strong>, coser, como indica nuestro propio nombre, entre agentes y particulares del municipio. Porque si construimos redes para nuestra protecci\u00f3n nadie cae, la red nos sostiene.<\/li>\n\n\n\n<li class=\"\">Tener un car\u00e1cter <strong>transformador<\/strong>. Construir un modelo de vida diferente y no solo reaccionar ante la situaci\u00f3n que se nos presenta. Queremos construir la Bergara del futuro creando herramientas para afrontar los problemas de hoy y de ma\u00f1ana.<\/li>\n\n\n\n<li class=\"\">Fomentar la cooperaci\u00f3n <strong>p\u00fablico-comunitaria<\/strong>. Es una herramienta para ayudar a las necesidades del pueblo, creando un v\u00ednculo entre \u00e9ste y el Ayuntamiento.<\/li>\n\n\n\n<li class=\"\">Estar <strong>al margen<\/strong> de la l\u00f3gica de los <strong>partidos<\/strong> pol\u00edticos, pero con car\u00e1cter pol\u00edtico, en la medida en que queremos transformar la organizaci\u00f3n del municipio.<\/li>\n\n\n\n<li class=\"\">Garantizar vidas <strong>habitables<\/strong>. Vivimos y queremos vivir aqu\u00ed, queremos construir un ecosistema inclusivo, rico y que permita vivir el pueblo desde una perspectiva amplia.<\/li>\n<\/ul>\n<\/div>\n\n\n\n<div class=\"wp-block-column is-layout-flow wp-block-column-is-layout-flow\" style=\"flex-basis:50%\">\n<figure data-tanit-img-width=\"2560\" data-tanit-img-height=\"1707\" class=\"wp-block-image size-large is-style-full-width\"><img loading=\"lazy\" decoding=\"async\" width=\"1024\" height=\"683\" src=\"https:\/\/ehundu.eus\/wp-content\/uploads\/2022\/11\/Ehundu-0081-1024x683.jpg\" alt=\"\" class=\"wp-image-560\" srcset=\"https:\/\/ehundu.eus\/wp-content\/uploads\/2022\/11\/Ehundu-0081-1024x683.jpg 1024w, https:\/\/ehundu.eus\/wp-content\/uploads\/2022\/11\/Ehundu-0081-300x200.jpg 300w, https:\/\/ehundu.eus\/wp-content\/uploads\/2022\/11\/Ehundu-0081-768x512.jpg 768w, https:\/\/ehundu.eus\/wp-content\/uploads\/2022\/11\/Ehundu-0081-1536x1024.jpg 1536w, https:\/\/ehundu.eus\/wp-content\/uploads\/2022\/11\/Ehundu-0081-2048x1366.jpg 2048w\" sizes=\"auto, (max-width: 1024px) 100vw, 1024px\" \/><\/figure>\n<\/div>\n<\/div>\n\n\n\n<hr class=\"wp-block-separator has-text-color has-foreground-color has-alpha-channel-opacity has-foreground-background-color has-background is-style-ehundu-separator-right\"\/>\n\n\n\n<div class=\"wp-block-columns alignwide is-layout-flex wp-container-core-columns-is-layout-28f84493 wp-block-columns-is-layout-flex\">\n<div class=\"wp-block-column is-layout-flow wp-block-column-is-layout-flow\" style=\"flex-basis:50%\">\n<figure data-tanit-img-width=\"970\" data-tanit-img-height=\"544\" class=\"wp-block-image size-full is-style-full-width\"><img loading=\"lazy\" decoding=\"async\" width=\"970\" height=\"544\" src=\"https:\/\/ehundu.eus\/wp-content\/uploads\/2022\/10\/Screenshot-at-2022-10-17-07-48-57.png\" alt=\"\" class=\"wp-image-398\" srcset=\"https:\/\/ehundu.eus\/wp-content\/uploads\/2022\/10\/Screenshot-at-2022-10-17-07-48-57.png 970w, https:\/\/ehundu.eus\/wp-content\/uploads\/2022\/10\/Screenshot-at-2022-10-17-07-48-57-300x168.png 300w, https:\/\/ehundu.eus\/wp-content\/uploads\/2022\/10\/Screenshot-at-2022-10-17-07-48-57-768x431.png 768w\" sizes=\"auto, (max-width: 970px) 100vw, 970px\" \/><\/figure>\n<\/div>\n\n\n\n<div class=\"wp-block-column is-layout-flow wp-block-column-is-layout-flow\" style=\"flex-basis:50%\">\n<h2 class=\"wp-block-heading\">DE D\u00d3NDE VENIMOS Y A D\u00d3NDE VAMOS<\/h2>\n\n\n\n<p class=\"has-medium-font-size\">Si miramos hacia atr\u00e1s, vemos que en 1970 hubo un movimiento de caracter\u00edsticas similares llamado Autogesti\u00f3n Bergara, impulsado por Alkartu Nai, Promoci\u00f3n Cultural y el Ayuntamiento. De \u00e9l surgieron una serie de iniciativas que posteriormente se han estabilizado: primero se consigui\u00f3 una ambulancia para el pueblo, pero tambi\u00e9n se cultiv\u00f3 la semilla de la UNED, Aransgi, la guarder\u00eda, etc. y la recuperaci\u00f3n de este patrimonio es importante para el municipio.<\/p>\n\n\n\n<p class=\"\">Lo vivido en los \u00faltimos a\u00f1os nos ha ense\u00f1ado que para afrontar los retos del futuro es necesaria la colaboraci\u00f3n entre todos. La pandemia ha puesto de manifiesto una serie de problemas sociales, pero <strong>la ciudadan\u00eda se ha organizado y han surgido nuevos proyectos<\/strong>, desde la educaci\u00f3n, el cuidado o la cultura. Esto nos ha llevado replantear los modelos de vida y a un aumento de preocupaciones en \u00e1reas como la alimentaci\u00f3n, la vivienda, las telecomunicaciones o la energ\u00eda, que \u00faltimamente est\u00e1 tan presente.<\/p>\n\n\n\n<p class=\"\">Por ello, <strong>partiendo de las inquietudes de un grupo de ciudadanos, se ha visto la necesidad de un espacio para escuchar las necesidades de la ciudadan\u00eda y darles una respuesta colectiva<\/strong>. Ser conscientes de los retos que tiene Bergara para construir su propio futuro, comprendi\u00e9ndolos y definiendo proyectos para superarlos. De estas necesidades se ha impulsado la colaboraci\u00f3n entre la comunidad y el Ayuntamiento, de la cual surge la transformaci\u00f3n comunitaria EHUNDU.<\/p>\n<\/div>\n<\/div>\n","protected":false},"excerpt":{"rendered":"<p>QU\u00c9 ES? UN PROYECTO DE PUEBLO, UN ESPACIO DE COORDINACI\u00d3N Y COOPERACI\u00d3N P\u00daBLICO-COMUNITARIA ENTRE DIVERSOS AGENTES DE LA SOCIEDAD. Queremos reforzar el empoderamiento de la ciudadan\u00eda y la visi\u00f3n comunitaria en la construcci\u00f3n de una Bergara m\u00e1s cohesionada, sostenible y justa, teniendo en cuenta los retos sociales y las necesidades comunitarias actuales. En concreto, nuestras [&hellip;]<\/p>\n","protected":false},"author":2,"featured_media":0,"parent":0,"menu_order":0,"comment_status":"closed","ping_status":"closed","template":"wp-custom-template-frontpage","meta":{"tanit_custom_css":"","event_start_date":"","event_end_date":"","event_occurrences":[],"footnotes":""},"class_list":["post-143","page","type-page","status-publish","hentry"],"_links":{"self":[{"href":"https:\/\/ehundu.eus\/es\/wp-json\/wp\/v2\/pages\/143","targetHints":{"allow":["GET"]}}],"collection":[{"href":"https:\/\/ehundu.eus\/es\/wp-json\/wp\/v2\/pages"}],"about":[{"href":"https:\/\/ehundu.eus\/es\/wp-json\/wp\/v2\/types\/page"}],"author":[{"embeddable":true,"href":"https:\/\/ehundu.eus\/es\/wp-json\/wp\/v2\/users\/2"}],"replies":[{"embeddable":true,"href":"https:\/\/ehundu.eus\/es\/wp-json\/wp\/v2\/comments?post=143"}],"version-history":[{"count":9,"href":"https:\/\/ehundu.eus\/es\/wp-json\/wp\/v2\/pages\/143\/revisions"}],"predecessor-version":[{"id":569,"href":"https:\/\/ehundu.eus\/es\/wp-json\/wp\/v2\/pages\/143\/revisions\/569"}],"wp:attachment":[{"href":"https:\/\/ehundu.eus\/es\/wp-json\/wp\/v2\/media?parent=143"}],"curies":[{"name":"wp","href":"https:\/\/api.w.org\/{rel}","templated":true}]}}